{"id":49,"date":"2022-12-10T15:42:47","date_gmt":"2022-12-10T15:42:47","guid":{"rendered":"http:\/\/www.boulevard-der-industriekultur.de\/?page_id=49"},"modified":"2022-12-10T15:48:53","modified_gmt":"2022-12-10T15:48:53","slug":"kontakt","status":"publish","type":"page","link":"http:\/\/www.boulevard-der-industriekultur.de\/index.php\/kontakt\/","title":{"rendered":"Kontakt"},"content":{"rendered":"<h3>Industriesalon Sch\u00f6neweide e.V.<\/h3>\n<p><span class=\"contact-street\">Reinbeckstr. 10<br \/>\n<\/span><span class=\"contact-postcode\"> 12459 Berlin-Obersch\u00f6neweide <\/span><\/p>\n<p><span class=\"contact-telephone\">Telefon: (0 30) 53 00 70 42<br \/>\nMail: <a href=\"mailto:info@industriesalon.de\">info@industriesalon.de<\/a><\/span><\/p>\n<p>B\u00fcrozeiten: Dienstag bis Donnerstag: 10 \u2013 16 Uhr, Freitag: 10 bis 14 Uhr<\/p>\n","protected":false},"excerpt":{"rendered":"<p>Industriesalon Sch\u00f6neweide e.V. Reinbeckstr. 10 12459 Berlin-Obersch\u00f6neweide Telefon: (0 30) 53 00 70 42 Mail: info@industriesalon.de B\u00fcrozeiten: Dienstag bis Donnerstag: 10 \u2013 16 Uhr, Freitag: 10 bis 14 Uhr<\/p>\n","protected":false},"author":1,"featured_media":0,"parent":0,"menu_order":0,"comment_status":"closed","ping_status":"closed","template":"","meta":{"_acf_changed":false,"inline_featured_image":false,"footnotes":""},"class_list":["post-49","page","type-page","status-publish","hentry"],"acf":[],"_links":{"self":[{"href":"http:\/\/www.boulevard-der-industriekultur.de\/index.php\/wp-json\/wp\/v2\/pages\/49","targetHints":{"allow":["GET"]}}],"collection":[{"href":"http:\/\/www.boulevard-der-industriekultur.de\/index.php\/wp-json\/wp\/v2\/pages"}],"about":[{"href":"http:\/\/www.boulevard-der-industriekultur.de\/index.php\/wp-json\/wp\/v2\/types\/page"}],"author":[{"embeddable":true,"href":"http:\/\/www.boulevard-der-industriekultur.de\/index.php\/wp-json\/wp\/v2\/users\/1"}],"replies":[{"embeddable":true,"href":"http:\/\/www.boulevard-der-industriekultur.de\/index.php\/wp-json\/wp\/v2\/comments?post=49"}],"version-history":[{"count":2,"href":"http:\/\/www.boulevard-der-industriekultur.de\/index.php\/wp-json\/wp\/v2\/pages\/49\/revisions"}],"predecessor-version":[{"id":56,"href":"http:\/\/www.boulevard-der-industriekultur.de\/index.php\/wp-json\/wp\/v2\/pages\/49\/revisions\/56"}],"wp:attachment":[{"href":"http:\/\/www.boulevard-der-industriekultur.de\/index.php\/wp-json\/wp\/v2\/media?parent=49"}],"curies":[{"name":"wp","href":"https:\/\/api.w.org\/{rel}","templated":true}]}}